{"id":85,"date":"2026-02-12T16:18:15","date_gmt":"2026-02-12T16:18:15","guid":{"rendered":"https:\/\/kinesionline.com.ar\/k\/?page_id=85"},"modified":"2026-02-13T18:38:17","modified_gmt":"2026-02-13T18:38:17","slug":"tienda","status":"publish","type":"page","link":"https:\/\/kinesionline.com.ar\/k\/tienda\/","title":{"rendered":"Potencia tu bienestar y tu practica profesional"},"content":{"rendered":"\n<p class=\"has-white-color has-text-color has-link-color wp-elements-62110a3e44c63af5d0a4fae6fdf503c3\" style=\"font-size:20px\">La kinesiolog\u00eda es una disciplina en constante evoluci\u00f3n. Por eso, hemos transformado a\u00f1os de experiencia cl\u00ednica y evidencia cient\u00edfica en herramientas accesibles para todos.<\/p>\n\n\n\n<p class=\"has-white-color has-text-color has-link-color wp-elements-f1dc1997166de14bd64ed0a01b4c59c3\" style=\"font-size:20px\">Ya seas un <strong>profesional<\/strong> buscando perfeccionar t\u00e9cnicas de punci\u00f3n seca y vendaje neuromuscular, o una <strong>persona<\/strong> en busca de protocolos efectivos para el manejo del dolor y la autohipnosis, aqu\u00ed encontrar\u00e1s el recurso exacto que necesit\u00e1s.<\/p>\n\n\n\n<h3 class=\"wp-block-heading has-custom-0-d-353-e-color has-text-color has-link-color wp-elements-fb68a953d84bbbdfb703348a761ee61b\">Desde la comodidad de tu consultorio, elegi como avanzas hoy:<\/h3>\n\n\n\n<div class=\"wp-block-columns has-custom-0-d-353-e-background-color has-background is-layout-flex wp-container-core-columns-is-layout-28f84493 wp-block-columns-is-layout-flex\" style=\"border-top-left-radius:0px;border-top-right-radius:0px;border-bottom-left-radius:0px;border-bottom-right-radius:0px\">\n<div class=\"wp-block-column is-layout-flow wp-block-column-is-layout-flow\" style=\"flex-basis:100%\">\n<div class=\"wp-block-columns is-layout-flex wp-container-core-columns-is-layout-28f84493 wp-block-columns-is-layout-flex\">\n<div class=\"wp-block-column is-layout-flow wp-block-column-is-layout-flow\">\n<figure class=\"wp-block-image size-full\"><a href=\"https:\/\/kinesionline.com.ar\/k\/tienda\/membresia-4\/\"><img loading=\"lazy\" decoding=\"async\" width=\"700\" height=\"760\" src=\"https:\/\/kinesionline.com.ar\/k\/wp-content\/uploads\/2026\/02\/membresia-3.png\" alt=\"\" class=\"wp-image-127\" srcset=\"https:\/\/kinesionline.com.ar\/k\/wp-content\/uploads\/2026\/02\/membresia-3.png 700w, https:\/\/kinesionline.com.ar\/k\/wp-content\/uploads\/2026\/02\/membresia-3-276x300.png 276w\" sizes=\"auto, (max-width: 700px) 100vw, 700px\" \/><\/a><figcaption class=\"wp-element-caption\"><strong><font color=\"#ECF6F6\">\u00bfBusc\u00e1s formaci\u00f3n continua?<\/font><\/strong> <br><font color=\"#ECF6F6\"> Unite a nuestra comunidad y acced\u00e9 a contenido exclusivo todos los meses para dominar las t\u00e9cnicas que transforman cuerpos. <\/font><br><br><font color=\"#ECF6F6\"><strong>\u00bfQu\u00e9 incluye la membres\u00eda?<\/strong><br><strong>Masterclasses exclusivas:<\/strong> Video-tutoriales sobre nuevas aplicaciones de Kinesiotaping y Punci\u00f3n Seca.<\/font><br><font color=\"#ECF6F6\"><br><strong>Biblioteca de Protocolos:<\/strong> Acceso ilimitado a todas nuestras gu\u00edas en PDF actualizadas.<\/font><br><font color=\"#ECF6F6\"><br><strong>Consultas en vivo:<\/strong> Sesiones mensuales de Q&amp;A con especialistas en terapias integrativas.<\/font><br><font color=\"#ECF6F6\"><br><strong>Descuentos fijos:<\/strong> 20% OFF permanente en nuestra tienda de insumos f\u00edsicos.<\/font><\/figcaption><\/figure>\n\n\n\n<div class=\"wp-block-buttons is-layout-flex wp-block-buttons-is-layout-flex\">\n<div class=\"wp-block-button\"><a class=\"wp-block-button__link has-custom-0-d-353-e-color has-custom-color-1-background-color has-text-color has-background has-link-color wp-element-button\">Suscribite<\/a><\/div>\n\n\n\n<div class=\"wp-block-button\"><a class=\"wp-block-button__link has-custom-0-d-353-e-color has-custom-color-1-background-color has-text-color has-background has-link-color wp-element-button\">L O G I N<\/a><\/div>\n<\/div>\n<\/div>\n\n\n\n<div class=\"wp-block-column is-layout-flow wp-block-column-is-layout-flow\">\n<figure class=\"wp-block-image size-full\"><img loading=\"lazy\" decoding=\"async\" width=\"699\" height=\"760\" src=\"https:\/\/kinesionline.com.ar\/k\/wp-content\/uploads\/2026\/02\/protocolos-4.png\" alt=\"\" class=\"wp-image-128\" srcset=\"https:\/\/kinesionline.com.ar\/k\/wp-content\/uploads\/2026\/02\/protocolos-4.png 699w, https:\/\/kinesionline.com.ar\/k\/wp-content\/uploads\/2026\/02\/protocolos-4-276x300.png 276w\" sizes=\"auto, (max-width: 699px) 100vw, 699px\" \/><figcaption class=\"wp-element-caption\"><strong><font color=\"#ECF6F6\">\u00bfQueres las Gu\u00edas T\u00e9cnicas de Descarga Inmediata?<\/font><\/strong> <br><font color=\"#ECF6F6\">Llev\u00e1 el conocimiento a tu consultorio. Protocolos paso a paso dise\u00f1ados por expertos en rehabilitaci\u00f3n. <\/font><br><br><font color=\"#ECF6F6\"><strong>Manual Maestro de Kinesiotaping:<\/strong> Aprend\u00e9 todos los cortes (I, Y, X, abanico) y sus aplicaciones cl\u00ednicas.<\/font><br><font color=\"#ECF6F6\"><br><strong>Gu\u00eda de Introducci\u00f3n a la Medicina China:<\/strong> Moxibusti\u00f3n y puntos de acupuntura para el alivio del dolor.<\/font><br><font color=\"#ECF6F6\"><br><strong>Pack Manejo del Dolor:<\/strong> T\u00e9cnicas de autohipnosis y liberaci\u00f3n miofascial..<\/font><\/figcaption><\/figure>\n\n\n\n<div class=\"wp-block-buttons is-layout-flex wp-block-buttons-is-layout-flex\">\n<div class=\"wp-block-button\"><a class=\"wp-block-button__link has-custom-0-d-353-e-color has-custom-color-1-background-color has-text-color has-background has-link-color wp-element-button\">Acced\u00e9 al listado de Documentos<\/a><\/div>\n<\/div>\n<\/div>\n\n\n\n<div class=\"wp-block-column is-layout-flow wp-block-column-is-layout-flow\">\n<figure class=\"wp-block-image size-full\"><a href=\"https:\/\/kinesionline.com.ar\/k\/wp-content\/uploads\/2026\/02\/insumos-3.png\"><img loading=\"lazy\" decoding=\"async\" width=\"700\" height=\"759\" src=\"https:\/\/kinesionline.com.ar\/k\/wp-content\/uploads\/2026\/02\/insumos-3.png\" alt=\"\" class=\"wp-image-129\" srcset=\"https:\/\/kinesionline.com.ar\/k\/wp-content\/uploads\/2026\/02\/insumos-3.png 700w, https:\/\/kinesionline.com.ar\/k\/wp-content\/uploads\/2026\/02\/insumos-3-277x300.png 277w\" sizes=\"auto, (max-width: 700px) 100vw, 700px\" \/><\/a><figcaption class=\"wp-element-caption\"><strong><font color=\"#ECF6F6\">\u00bfBusc\u00e1s productos de calidad?<\/font><\/strong> <br><font color=\"#ECF6F6\">Esta secci\u00f3n es para adquirir los productos f\u00edsicos que utilizamos para nuestras pr\u00e1cticas (cintas, ventosas, agujas). <\/font><br><br><font color=\"#ECF6F6\">No todas las herramientas son iguales. Seleccionamos materiales de alta gama para garantizar resultados terap\u00e9uticos reales. <\/font><br><br><font color=\"#ECF6F6\"><strong>Encontr\u00e1 en nuestra tienda:<\/strong><br><strong>Cintas de Kinesiotaping:<\/strong> Algod\u00f3n hipoalerg\u00e9nico de alta resistencia y diversos colores.<\/font><br><font color=\"#ECF6F6\"><br><strong>Kits de Cupping (Ventosas):<\/strong> Sets profesionales para terapia de vac\u00edo y liberaci\u00f3n muscular.<\/font><br><font color=\"#ECF6F6\"><br><strong>Agujas y Moxas:<\/strong> Todo lo necesario para tus sesiones de Acupuntura y Punci\u00f3n Seca.<\/font><br><font color=\"#ECF6F6\"><br><strong>Bandas El\u00e1sticas y Props:<\/strong> Herramientas para ejercicios de rehabilitaci\u00f3n funcional.<\/font><\/figcaption><\/figure>\n\n\n\n<div class=\"wp-block-buttons is-layout-flex wp-block-buttons-is-layout-flex\">\n<div class=\"wp-block-button\"><a class=\"wp-block-button__link has-custom-0-d-353-e-color has-custom-color-1-background-color has-text-color has-background has-link-color wp-element-button\">Realiz\u00e1 pedido<\/a><\/div>\n<\/div>\n<\/div>\n<\/div>\n\n\n\n<p><\/p>\n<\/div>\n\n\n\n<div class=\"wp-block-column is-layout-flow wp-block-column-is-layout-flow\"><\/div>\n\n\n\n<div class=\"wp-block-column is-layout-flow wp-block-column-is-layout-flow\"><\/div>\n<\/div>\n","protected":false},"excerpt":{"rendered":"<p>La kinesiolog\u00eda es una disciplina en constante evoluci\u00f3n. Por eso, hemos transformado a\u00f1os de experiencia cl\u00ednica y evidencia cient\u00edfica en herramientas accesibles para todos. Ya seas un profesional buscando perfeccionar t\u00e9cnicas de punci\u00f3n seca y vendaje neuromuscular, o una persona en busca de protocolos efectivos para el manejo del dolor y la autohipnosis, aqu\u00ed encontrar\u00e1s [&hellip;]<\/p>\n","protected":false},"author":2,"featured_media":0,"parent":0,"menu_order":0,"comment_status":"closed","ping_status":"closed","template":"","meta":{"footnotes":""},"class_list":["post-85","page","type-page","status-publish","hentry"],"_links":{"self":[{"href":"https:\/\/kinesionline.com.ar\/k\/wp-json\/wp\/v2\/pages\/85","targetHints":{"allow":["GET"]}}],"collection":[{"href":"https:\/\/kinesionline.com.ar\/k\/wp-json\/wp\/v2\/pages"}],"about":[{"href":"https:\/\/kinesionline.com.ar\/k\/wp-json\/wp\/v2\/types\/page"}],"author":[{"embeddable":true,"href":"https:\/\/kinesionline.com.ar\/k\/wp-json\/wp\/v2\/users\/2"}],"replies":[{"embeddable":true,"href":"https:\/\/kinesionline.com.ar\/k\/wp-json\/wp\/v2\/comments?post=85"}],"version-history":[{"count":34,"href":"https:\/\/kinesionline.com.ar\/k\/wp-json\/wp\/v2\/pages\/85\/revisions"}],"predecessor-version":[{"id":180,"href":"https:\/\/kinesionline.com.ar\/k\/wp-json\/wp\/v2\/pages\/85\/revisions\/180"}],"wp:attachment":[{"href":"https:\/\/kinesionline.com.ar\/k\/wp-json\/wp\/v2\/media?parent=85"}],"curies":[{"name":"wp","href":"https:\/\/api.w.org\/{rel}","templated":true}]}}