{"id":38,"date":"2025-12-04T15:50:02","date_gmt":"2025-12-04T15:50:02","guid":{"rendered":"https:\/\/kinesionline.com.ar\/k\/?page_id=38"},"modified":"2026-02-13T20:21:18","modified_gmt":"2026-02-13T20:21:18","slug":"servicios","status":"publish","type":"page","link":"https:\/\/kinesionline.com.ar\/k\/servicios\/","title":{"rendered":"Servicios"},"content":{"rendered":"\n<figure class=\"wp-block-image size-full\"><img loading=\"lazy\" decoding=\"async\" width=\"2560\" height=\"915\" src=\"https:\/\/kinesionline.com.ar\/k\/wp-content\/uploads\/2026\/02\/serv-2026-3-scaled.png\" alt=\"\" class=\"wp-image-192\" srcset=\"https:\/\/kinesionline.com.ar\/k\/wp-content\/uploads\/2026\/02\/serv-2026-3-scaled.png 2560w, https:\/\/kinesionline.com.ar\/k\/wp-content\/uploads\/2026\/02\/serv-2026-3-300x107.png 300w, https:\/\/kinesionline.com.ar\/k\/wp-content\/uploads\/2026\/02\/serv-2026-3-1024x366.png 1024w, https:\/\/kinesionline.com.ar\/k\/wp-content\/uploads\/2026\/02\/serv-2026-3-768x275.png 768w, https:\/\/kinesionline.com.ar\/k\/wp-content\/uploads\/2026\/02\/serv-2026-3-1536x549.png 1536w, https:\/\/kinesionline.com.ar\/k\/wp-content\/uploads\/2026\/02\/serv-2026-3-2048x732.png 2048w\" sizes=\"auto, (max-width: 2560px) 100vw, 2560px\" \/><\/figure>\n\n\n\n<h2 class=\"wp-block-heading has-custom-ecf-6-f-6-color has-text-color has-link-color wp-elements-f567311e1bcb4b5fccb79baafa9b2eb0\" style=\"font-size:25px\"><strong>Terapias de Kinesiologia Integral<\/strong><\/h2>\n\n\n\n<p class=\"has-custom-0-d-353-e-color has-text-color has-link-color wp-elements-4f016b7975281a2d309871fc155f23d8\" style=\"font-size:20px\">T\u00e9cnicas orientadas a reducir el dolor, mejorar la movilidad y acompa\u00f1ar la recuperaci\u00f3n de manera efectiva. Entre ellos:<\/p>\n\n\n\n<p class=\"has-custom-0-d-353-e-color has-text-color has-link-color wp-elements-435d783e50cb620bd7104c1814e5cea9\" style=\"font-size:20px\"><strong>Kinesiotaping:<\/strong>&nbsp;<br>Vendajes neuromusculares que ayudan a disminuir el dolor, mejorar la postura y facilitar el movimiento sin limitar tu actividad diaria.<\/p>\n\n\n\n<p class=\"has-custom-0-d-353-e-color has-text-color has-link-color wp-elements-f1fb209ec4ad37136c1aeeb22b03977e\" style=\"font-size:20px\"><strong>Cupping (Ventosas):&nbsp;<\/strong><br>Aplicaci\u00f3n de ventosas para activar la circulaci\u00f3n, relajar la musculatura profunda y aliviar tensiones musculares persistentes.<\/p>\n\n\n\n<p class=\"has-custom-0-d-353-e-color has-text-color has-link-color wp-elements-48009549a06af99fe6f7af0cab70904a\" style=\"font-size:20px\"><strong>Moxibusti\u00f3n:<\/strong> <br>Terapia con calor localizado que estimula puntos espec\u00edficos para aliviar dolor, mejorar la energ\u00eda y favorecer la recuperaci\u00f3n funcional.<\/p>\n\n\n\n<p class=\"has-custom-0-d-353-e-color has-text-color has-link-color wp-elements-cf94041dfcba08fb0cf885b6ed3a9f7a\" style=\"font-size:20px\"><strong>Punci\u00f3n Seca:&nbsp;<\/strong><br>T\u00e9cnica precisa y efectiva para liberar puntos gatillo, descontracturar la musculatura y disminuir el dolor cr\u00f3nico o agudo.<\/p>\n\n\n\n<p class=\"has-custom-0-d-353-e-color has-text-color has-link-color wp-elements-5245dc1bc2a13b972dbb2b2c2a9140d3\" style=\"font-size:20px\"><strong>Electroacupuntura:<\/strong> <br>Estimulaci\u00f3n suave mediante corriente el\u00e9ctrica aplicada a trav\u00e9s de agujas de acupuntura para potenciar el efecto analg\u00e9sico y acelerar la recuperaci\u00f3n.<\/p>\n\n\n\n<p class=\"has-custom-ecf-6-f-6-color has-text-color has-link-color wp-elements-ee858ffa2ac6348bce222a33a1f81903\" style=\"font-size:25px\"><strong>Terapias Basadas en Acupuntura y Medicina Oriental<\/strong><\/p>\n\n\n\n<p class=\"has-custom-0-d-353-e-color has-text-color has-link-color wp-elements-b183a9d6aaa4f2e3eafaf81de9a6a8c5\" style=\"font-size:20px\">Tratamientos complementarios basados en la regulaci\u00f3n energ\u00e9tica y el equilibrio integral del cuerpo. Entre ellos:<\/p>\n\n\n\n<p class=\"has-custom-0-d-353-e-color has-text-color has-link-color wp-elements-3967ecf0c193439ef46bf556d73fd10c\" style=\"font-size:20px\"><strong>Acupuntura: <\/strong><br>Inserci\u00f3n de agujas finas en puntos espec\u00edficos para aliviar dolor, reducir tensi\u00f3n, mejorar funciones corporales y equilibrar el sistema nervioso.<\/p>\n\n\n\n<p class=\"has-custom-0-d-353-e-color has-text-color has-link-color wp-elements-9a3b472ecbf1f4a5465d13990619e5b3\" style=\"font-size:20px\"><strong>Auriculoterapia: <\/strong><br>Estimulaci\u00f3n de puntos en la oreja que se relacionan con distintas \u00e1reas del cuerpo, ideal para dolor, ansiedad, insomnio y apoyo a otros tratamientos.<\/p>\n\n\n\n<p class=\"has-custom-0-d-353-e-color has-text-color has-link-color wp-elements-62133c7f45f02f88ade322b9d2db32e0\" style=\"font-size:20px\"><strong>Manopuntura:<\/strong>&nbsp;<br>Aplicaci\u00f3n de peque\u00f1as agujas o semillas terap\u00e9uticas en puntos de la mano para promover analgesia y mejorar la funci\u00f3n corporal.<\/p>\n\n\n\n<h2 class=\"wp-block-heading has-custom-ecf-6-f-6-color has-text-color has-link-color wp-elements-f7ac69cbd340293e78c06d3890689dd7\" style=\"font-size:25px\"><strong>Terapias Mente, Cuerpo y Manejo del Dolor<\/strong><\/h2>\n\n\n\n<p class=\"has-custom-0-d-353-e-color has-text-color has-link-color wp-elements-3401ff938aaaa04c81d50e106deffaba\" style=\"font-size:20px\">T\u00e9cnicas centradas en el sistema nervioso, la percepci\u00f3n del dolor y el bienestar emocional. Entre ellos:<\/p>\n\n\n\n<p class=\"has-custom-0-d-353-e-color has-text-color has-link-color wp-elements-e2968568a8f0a2965c16d7ef31f5a228\" style=\"font-size:20px\"> <strong>Hipnosis Kinesi\u00f3logica:<\/strong>&nbsp;<br>Un enfoque integrador que combina kinesiolog\u00eda y t\u00e9cnicas de sugesti\u00f3n terap\u00e9utica para ayudar a desbloquear tensiones, mejorar la movilidad y optimizar la respuesta del cuerpo al tratamiento.<\/p>\n\n\n\n<p class=\"has-custom-0-d-353-e-color has-text-color has-link-color wp-elements-6ab4f14ba4e912479eb53afb8d051dea\" style=\"font-size:20px\"><strong>Hipnosis del Dolor:<\/strong>&nbsp;<br>M\u00e9todo espec\u00edfico para modular la percepci\u00f3n del dolor, reducir la ansiedad asociada y mejorar el control corporal en procesos de rehabilitaci\u00f3n.<\/p>\n","protected":false},"excerpt":{"rendered":"<p>Terapias de Kinesiologia Integral T\u00e9cnicas orientadas a reducir el dolor, mejorar la movilidad y acompa\u00f1ar la recuperaci\u00f3n de manera efectiva. Entre ellos: Kinesiotaping:&nbsp;Vendajes neuromusculares que ayudan a disminuir el dolor, mejorar la postura y facilitar el movimiento sin limitar tu actividad diaria. Cupping (Ventosas):&nbsp;Aplicaci\u00f3n de ventosas para activar la circulaci\u00f3n, relajar la musculatura profunda y [&hellip;]<\/p>\n","protected":false},"author":2,"featured_media":61,"parent":0,"menu_order":1,"comment_status":"closed","ping_status":"closed","template":"","meta":{"footnotes":""},"class_list":["post-38","page","type-page","status-publish","has-post-thumbnail","hentry"],"_links":{"self":[{"href":"https:\/\/kinesionline.com.ar\/k\/wp-json\/wp\/v2\/pages\/38","targetHints":{"allow":["GET"]}}],"collection":[{"href":"https:\/\/kinesionline.com.ar\/k\/wp-json\/wp\/v2\/pages"}],"about":[{"href":"https:\/\/kinesionline.com.ar\/k\/wp-json\/wp\/v2\/types\/page"}],"author":[{"embeddable":true,"href":"https:\/\/kinesionline.com.ar\/k\/wp-json\/wp\/v2\/users\/2"}],"replies":[{"embeddable":true,"href":"https:\/\/kinesionline.com.ar\/k\/wp-json\/wp\/v2\/comments?post=38"}],"version-history":[{"count":15,"href":"https:\/\/kinesionline.com.ar\/k\/wp-json\/wp\/v2\/pages\/38\/revisions"}],"predecessor-version":[{"id":196,"href":"https:\/\/kinesionline.com.ar\/k\/wp-json\/wp\/v2\/pages\/38\/revisions\/196"}],"wp:featuredmedia":[{"embeddable":true,"href":"https:\/\/kinesionline.com.ar\/k\/wp-json\/wp\/v2\/media\/61"}],"wp:attachment":[{"href":"https:\/\/kinesionline.com.ar\/k\/wp-json\/wp\/v2\/media?parent=38"}],"curies":[{"name":"wp","href":"https:\/\/api.w.org\/{rel}","templated":true}]}}