{"id":2,"date":"2013-11-06T11:55:36","date_gmt":"2013-11-06T11:55:36","guid":{"rendered":"https:\/\/kinesionline.com.ar\/k\/?page_id=2"},"modified":"2026-02-13T20:24:18","modified_gmt":"2026-02-13T20:24:18","slug":"quienes-somos-2","status":"publish","type":"page","link":"https:\/\/kinesionline.com.ar\/k\/quienes-somos-2\/","title":{"rendered":"Quienes somos"},"content":{"rendered":"<figure class=\"wp-block-post-featured-image\"><img loading=\"lazy\" decoding=\"async\" width=\"2560\" height=\"915\" src=\"https:\/\/kinesionline.com.ar\/k\/wp-content\/uploads\/2026\/02\/quienes-somos-2026-1-scaled.png\" class=\"attachment-post-thumbnail size-post-thumbnail wp-post-image\" alt=\"\" style=\"object-fit:cover;\" srcset=\"https:\/\/kinesionline.com.ar\/k\/wp-content\/uploads\/2026\/02\/quienes-somos-2026-1-scaled.png 2560w, https:\/\/kinesionline.com.ar\/k\/wp-content\/uploads\/2026\/02\/quienes-somos-2026-1-300x107.png 300w, https:\/\/kinesionline.com.ar\/k\/wp-content\/uploads\/2026\/02\/quienes-somos-2026-1-1024x366.png 1024w, https:\/\/kinesionline.com.ar\/k\/wp-content\/uploads\/2026\/02\/quienes-somos-2026-1-768x275.png 768w, https:\/\/kinesionline.com.ar\/k\/wp-content\/uploads\/2026\/02\/quienes-somos-2026-1-1536x549.png 1536w, https:\/\/kinesionline.com.ar\/k\/wp-content\/uploads\/2026\/02\/quienes-somos-2026-1-2048x732.png 2048w\" sizes=\"auto, (max-width: 2560px) 100vw, 2560px\" \/><\/figure>\n\n\n<h2 class=\"wp-block-heading has-custom-ecf-6-f-6-color has-text-color has-link-color wp-elements-3647ff1786ab6a25275ca47b4758fe60\" style=\"font-size:24px\">Somos un espacio de kinesiolog\u00eda moderna  <\/h2>\n\n\n\n<p>Lo pensamos para acompa\u00f1arte en tu recuperaci\u00f3n de forma profesional, humana y accesible.<\/p>\n\n\n\n<p class=\"has-custom-0-d-353-e-color has-text-color has-link-color wp-elements-81b2a1ed4b468286e895c62e4276a874\" style=\"font-size:20px\">Creemos en una rehabilitaci\u00f3n que respeta tus tiempos, tu ritmo y tu realidad, por eso integramos la atenci\u00f3n online para que puedas recibir el tratamiento que necesit\u00e1s sin importar d\u00f3nde est\u00e9s.<\/p>\n\n\n\n<p class=\"has-custom-0-d-353-e-color has-text-color has-link-color wp-elements-593210823665e85de4f3d171a3d18e67\" style=\"font-size:20px\">Nuestro enfoque combina la kinesiolog\u00eda tradicional, terapias complementarias de la medicina oriental, t\u00e9cnicas de manejo del dolor y estrategias de reeducaci\u00f3n del movimiento. Todo pensado desde una mirada integral que entiende que cada persona es \u00fanica y que su proceso de recuperaci\u00f3n tambi\u00e9n lo es.<\/p>\n\n\n\n<blockquote class=\"wp-block-quote is-style-plain has-custom-color-1-color has-text-color has-link-color wp-elements-e80853d0e2b308fb767e7e14cf657e44 is-layout-flow wp-block-quote-is-layout-flow\">\n<p class=\"has-custom-ecf-6-f-6-color has-text-color has-link-color wp-elements-4d507d5025059bcb95d2bfabbc6b78bd\" style=\"font-size:20px;font-style:normal;font-weight:700\">Trabajamos con el objetivo claro de ayudarte a moverte mejor, sentir menos dolor y recuperar tu calidad de vida, con un acompa\u00f1amiento cercano y un tratamiento dise\u00f1ado especialmente para vos.<\/p>\n<\/blockquote>\n\n\n\n<p class=\"has-custom-0-d-353-e-color has-text-color has-link-color wp-elements-13cd53ef24aedb8668db6552723dd360\" style=\"font-size:20px\">Cada consulta est\u00e1 guiada por un kinesi\u00f3logo matriculado, con formaci\u00f3n continua en t\u00e9cnicas como acupuntura, punci\u00f3n seca, kinesiotaping, hipnosis aplicada al dolor y m\u00e1s. Nos mantenemos actualizados para ofrecerte terapias basadas en evidencia y herramientas innovadoras que realmente hacen la diferencia.<\/p>\n\n\n\n<p><\/p>\n\n\n\n<h2 class=\"wp-block-heading has-custom-ecf-6-f-6-color has-text-color has-link-color wp-elements-8e5c3ed040795f0f7ba1872679e852bd\" style=\"font-size:20px\">Tu bienestar no puede esperar y la distancia ya no es un l\u00edmite. <br><br>Estamos para ayudarte a recuperar tu movimiento, estes donde estes.<\/h2>\n\n\n\n<p><\/p>\n","protected":false},"excerpt":{"rendered":"<p>Somos un espacio de kinesiolog\u00eda moderna Lo pensamos para acompa\u00f1arte en tu recuperaci\u00f3n de forma profesional, humana y accesible. Creemos en una rehabilitaci\u00f3n que respeta tus tiempos, tu ritmo y tu realidad, por eso integramos la atenci\u00f3n online para que puedas recibir el tratamiento que necesit\u00e1s sin importar d\u00f3nde est\u00e9s. Nuestro enfoque combina la kinesiolog\u00eda [&hellip;]<\/p>\n","protected":false},"author":2,"featured_media":198,"parent":0,"menu_order":0,"comment_status":"open","ping_status":"open","template":"","meta":{"footnotes":""},"class_list":["post-2","page","type-page","status-publish","has-post-thumbnail","hentry"],"_links":{"self":[{"href":"https:\/\/kinesionline.com.ar\/k\/wp-json\/wp\/v2\/pages\/2","targetHints":{"allow":["GET"]}}],"collection":[{"href":"https:\/\/kinesionline.com.ar\/k\/wp-json\/wp\/v2\/pages"}],"about":[{"href":"https:\/\/kinesionline.com.ar\/k\/wp-json\/wp\/v2\/types\/page"}],"author":[{"embeddable":true,"href":"https:\/\/kinesionline.com.ar\/k\/wp-json\/wp\/v2\/users\/2"}],"replies":[{"embeddable":true,"href":"https:\/\/kinesionline.com.ar\/k\/wp-json\/wp\/v2\/comments?post=2"}],"version-history":[{"count":16,"href":"https:\/\/kinesionline.com.ar\/k\/wp-json\/wp\/v2\/pages\/2\/revisions"}],"predecessor-version":[{"id":200,"href":"https:\/\/kinesionline.com.ar\/k\/wp-json\/wp\/v2\/pages\/2\/revisions\/200"}],"wp:featuredmedia":[{"embeddable":true,"href":"https:\/\/kinesionline.com.ar\/k\/wp-json\/wp\/v2\/media\/198"}],"wp:attachment":[{"href":"https:\/\/kinesionline.com.ar\/k\/wp-json\/wp\/v2\/media?parent=2"}],"curies":[{"name":"wp","href":"https:\/\/api.w.org\/{rel}","templated":true}]}}